{"id":52,"date":"2022-10-20T18:04:03","date_gmt":"2022-10-20T16:04:03","guid":{"rendered":"https:\/\/reebirth.keky.eu\/my-account\/"},"modified":"2022-10-20T19:28:11","modified_gmt":"2022-10-20T17:28:11","slug":"my-account","status":"publish","type":"page","link":"https:\/\/reebirth.keky.eu\/en\/my-account\/","title":{"rendered":"My Account"},"content":{"rendered":"<div class=\"woocommerce\">\n<div class=\"jet-woo-builder-woocommerce-myaccount-login-page\">\n\n\t\n\t<div id=\"customer_login\">\n\t\t\t\t<div data-elementor-type=\"jet-woo-builder-myaccount\" data-elementor-id=\"1378\" class=\"elementor elementor-1378\">\n\t\t\t\t\t\t\t\t\t<section class=\"elementor-section elementor-top-section elementor-element elementor-element-a0555bb elementor-section-boxed elementor-section-height-default elementor-section-height-default\" data-id=\"a0555bb\" data-element_type=\"section\">\n\t\t\t\t\t\t<div class=\"elementor-container elementor-column-gap-default\">\n\t\t\t\t\t<div class=\"elementor-column elementor-col-50 elementor-top-column elementor-element elementor-element-2eb196d\" data-id=\"2eb196d\" data-element_type=\"column\">\n\t\t\t<div class=\"elementor-widget-wrap elementor-element-populated\">\n\t\t\t\t\t\t\t\t<div class=\"elementor-element elementor-element-cb7f6b1 elementor-widget elementor-widget-heading\" data-id=\"cb7f6b1\" data-element_type=\"widget\" data-widget_type=\"heading.default\">\n\t\t\t\t<div class=\"elementor-widget-container\">\n\t\t\t<style>\/*! elementor - v3.10.2 - 29-01-2023 *\/\n.elementor-heading-title{padding:0;margin:0;line-height:1}.elementor-widget-heading .elementor-heading-title[class*=elementor-size-]>a{color:inherit;font-size:inherit;line-height:inherit}.elementor-widget-heading .elementor-heading-title.elementor-size-small{font-size:15px}.elementor-widget-heading .elementor-heading-title.elementor-size-medium{font-size:19px}.elementor-widget-heading .elementor-heading-title.elementor-size-large{font-size:29px}.elementor-widget-heading .elementor-heading-title.elementor-size-xl{font-size:39px}.elementor-widget-heading .elementor-heading-title.elementor-size-xxl{font-size:59px}<\/style><h2 class=\"elementor-heading-title elementor-size-default\">Connexion<\/h2>\t\t<\/div>\n\t\t\t\t<\/div>\n\t\t\t\t<div class=\"elementor-element elementor-element-8c14a90 elementor-widget elementor-widget-jet-myaccount-login-form\" data-id=\"8c14a90\" data-element_type=\"widget\" data-widget_type=\"jet-myaccount-login-form.default\">\n\t\t\t\t<div class=\"elementor-widget-container\">\n\t\t\t<div class=\"elementor-jet-myaccount-login-form jet-woo-builder\">\n<h2>Login<\/h2>\n\n<form class=\"woocommerce-form woocommerce-form-login login\" method=\"post\">\n\n\t\n\t<p class=\"woocommerce-form-row woocommerce-form-row--wide form-row form-row-wide\">\n\t\t<label for=\"username\">Username or email address&nbsp;<span class=\"required\">*<\/span><\/label>\n\t\t<input type=\"text\" class=\"woocommerce-Input woocommerce-Input--text input-text\" name=\"username\" id=\"username\" autocomplete=\"username\" value=\"\" \/>\t<\/p>\n\t<p class=\"woocommerce-form-row woocommerce-form-row--wide form-row form-row-wide\">\n\t\t<label for=\"password\">Password&nbsp;<span class=\"required\">*<\/span><\/label>\n\t\t<input class=\"woocommerce-Input woocommerce-Input--text input-text\" type=\"password\" name=\"password\" id=\"password\" autocomplete=\"current-password\" \/>\n\t<\/p>\n\n\t\n\t<p class=\"form-row\">\n\t\t<label class=\"woocommerce-form__label woocommerce-form__label-for-checkbox woocommerce-form-login__rememberme\">\n\t\t\t<input class=\"woocommerce-form__input woocommerce-form__input-checkbox\" name=\"rememberme\" type=\"checkbox\" id=\"rememberme\" value=\"forever\" \/> <span>Remember me<\/span>\n\t\t<\/label>\n\t\t<input type=\"hidden\" id=\"woocommerce-login-nonce\" name=\"woocommerce-login-nonce\" value=\"338e33aa2f\" \/><input type=\"hidden\" name=\"_wp_http_referer\" value=\"\/en\/wp-json\/wp\/v2\/pages\/52\" \/>\t\t<button type=\"submit\" class=\"woocommerce-button button woocommerce-form-login__submit  wp-element-button\" name=\"login\" value=\"Log in\">Log in<\/button>\n\t<\/p>\n\t<p class=\"woocommerce-LostPassword lost_password\">\n\t\t<a href=\"https:\/\/reebirth.keky.eu\/en\/my-account\/lost-password\/\">Lost your password?<\/a>\n\t<\/p>\n\n\t\n<\/form><\/div>\t\t<\/div>\n\t\t\t\t<\/div>\n\t\t\t\t\t<\/div>\n\t\t<\/div>\n\t\t\t\t<div class=\"elementor-column elementor-col-50 elementor-top-column elementor-element elementor-element-22e7350\" data-id=\"22e7350\" data-element_type=\"column\">\n\t\t\t<div class=\"elementor-widget-wrap elementor-element-populated\">\n\t\t\t\t\t\t\t\t<div class=\"elementor-element elementor-element-f797857 elementor-widget elementor-widget-heading\" data-id=\"f797857\" data-element_type=\"widget\" data-widget_type=\"heading.default\">\n\t\t\t\t<div class=\"elementor-widget-container\">\n\t\t\t<h2 class=\"elementor-heading-title elementor-size-default\">Inscription<\/h2>\t\t<\/div>\n\t\t\t\t<\/div>\n\t\t\t\t<div class=\"elementor-element elementor-element-109281a elementor-widget elementor-widget-jet-myaccount-registration-form\" data-id=\"109281a\" data-element_type=\"widget\" data-widget_type=\"jet-myaccount-registration-form.default\">\n\t\t\t\t<div class=\"elementor-widget-container\">\n\t\t\t<div class=\"elementor-jet-myaccount-registration-form jet-woo-builder\">\n<h2>Register<\/h2>\n\n<form method=\"post\" class=\"woocommerce-form woocommerce-form-register register\"  >\n\n\t\n\t\n\t<p class=\"woocommerce-form-row woocommerce-form-row--wide form-row form-row-wide\">\n\t\t<label for=\"reg_email\">Email address&nbsp;<span class=\"required\">*<\/span><\/label>\n\t\t<input type=\"email\" class=\"woocommerce-Input woocommerce-Input--text input-text\" name=\"email\" id=\"reg_email\" autocomplete=\"email\" value=\"\" \/>\t<\/p>\n\n\t\n\t\t<p>A link to set a new password will be sent to your email address.<\/p>\n\n\t\n\t\n<div class=\"show_if_seller\" style=\"display:none\">\n\n    <div class=\"split-row form-row-wide\">\n        <p class=\"form-row form-group\">\n            <label for=\"first-name\">First Name <span\n                        class=\"required\">*<\/span><\/label>\n            <input type=\"text\" class=\"input-text form-control\" name=\"fname\" id=\"first-name\"\n                   value=\"\" required=\"required\"\/>\n        <\/p>\n\n        <p class=\"form-row form-group\">\n            <label for=\"last-name\">Last Name <span\n                        class=\"required\">*<\/span><\/label>\n            <input type=\"text\" class=\"input-text form-control\" name=\"lname\" id=\"last-name\"\n                   value=\"\" required=\"required\"\/>\n        <\/p>\n    <\/div>\n\n    <p class=\"form-row form-group form-row-wide\">\n        <label for=\"company-name\">Shop Name <span\n                    class=\"required\">*<\/span><\/label>\n        <input type=\"text\" class=\"input-text form-control\" name=\"shopname\" id=\"company-name\"\n               value=\"\" required=\"required\"\/>\n    <\/p>\n\n    <p class=\"form-row form-group form-row-wide\">\n        <label for=\"seller-url\" class=\"pull-left\">Shop URL <span class=\"required\">*<\/span><\/label>\n        <strong id=\"url-alart-mgs\" class=\"pull-right\"><\/strong>\n        <input type=\"text\" class=\"input-text form-control\" name=\"shopurl\" id=\"seller-url\"\n               value=\"\" required=\"required\"\/>\n        <small>https:\/\/reebirth.keky.eu\/en\/\/store            \/<strong id=\"url-alart\"><\/strong><\/small>\n    <\/p>\n\n                        <p class=\"form-row form-group\">\n                <label for=\"dokan-company-name\">Company Name<\/label>\n                <input type=\"text\" class=\"input-text form-control\" name=\"dokan_company_name\" id=\"dokan-company-name\" value=\"\"\/>\n            <\/p>\n        \n                    <p class=\"form-row form-group\">\n                <label for=\"dokan-company-id-number\">Company ID\/EUID Number<\/label>\n                <input type=\"text\" class=\"input-text form-control\" name=\"dokan_company_id_number\" id=\"dokan-company-id-number\" value=\"\"\/>\n            <\/p>\n        \n                    <p class=\"form-row form-group form-row-wide\">\n                <label for=\"dokan-vat-number\">VAT\/TAX Number<\/label>\n                <input type=\"text\" class=\"input-text form-control\" name=\"dokan_vat_number\" id=\"dokan-vat-number\" value=\"\"\/>\n            <\/p>\n        \n                    <div class=\"split-row name-field form-row-wide\">\n                <p class=\"form-row form-group\">\n                    <label for=\"dokan-bank-name\">Name of Bank<\/label>\n                    <input type=\"text\" class=\"input-text form-control\" name=\"dokan_bank_name\" id=\"dokan-bank-name\" value=\"\"\/>\n                <\/p>\n\n                <p class=\"form-row form-group\">\n                    <label for=\"dokan-bank-iban\">Bank IBAN<\/label>\n                    <input type=\"text\" class=\"input-text form-control\" name=\"dokan_bank_iban\" id=\"dokan-bank-iban\" value=\"\"\/>\n                <\/p>\n            <\/div>\n                \n    <!-- code personnalis\u00e9 KEKY -->\n    <p class=\"form-row form-group form-row-wide\">\n        <label for=\"shop-employees\">Nombre de salari\u00e9s<span\n                    class=\"required\">*<\/span><\/label>\n        <input type=\"text\" class=\"input-text form-control\" name=\"nombre-de-salaries\" id=\"nombre-de-salaries\"\n               value=\"\"\n               required=\"required\"\/>\n    <\/p>\n\n    <p class=\"form-row form-group form-row-wide \">\n        <label for=\"shop-canal\">Canal de vente habituel<span\n                    class=\"required\">*<\/span><\/label>\n    <div class=\"checkboxContainer\">\n        <div class=\"checkboxInput\">\n            <input type=\"checkbox\" class=\"form-control checkboxInput\" name=\"canal-de-vente-habituel[ ]\"\n                   id=\"canal-de-vente-habituel\" value=\"Boutique\"\/> <label for=\"Canal\"> Boutique <\/label>\n        <\/div>\n        <div class=\"checkboxInput\">\n            <input type=\"checkbox\" class=\"form-control checkboxInput\" name=\"canal-de-vente-habituel[ ]\"\n                   id=\"canal-de-vente-habituel\" value=\"Site web\"\/> <label for=\"Canal\"> Site web <\/label>\n        <\/div>\n        <div class=\"checkboxInput\">\n            <input type=\"checkbox\" class=\"form-control checkboxInput\" name=\"canal-de-vente-habituel[ ]\"\n                   id=\"canal-de-vente-habituel\" value=\"Marketplace\"\/> <label for=\"Canal\"> Marketplace <\/label>\n        <\/div>\n        <div class=\"checkboxInput\">\n            <input type=\"checkbox\" class=\"form-control checkboxInput\" name=\"canal-de-vente-habituel[ ]\"\n                   id=\"canal-de-vente-habituel\" value=\"Nulle part ailleurs\"\/> <label for=\"Canal\"> Nulle part\n                ailleurs <\/label>\n        <\/div>\n        <div class=\"checkboxInput\">\n            <input type=\"checkbox\" class=\"form-control checkboxInput\" name=\"canal-de-vente-habituel[ ]\"\n                   id=\"canal-de-vente-habituel\" value=\"Autre\"\/> <label for=\"Canal\"> Autre <\/label>\n        <\/div>\n    <\/div>\n    <\/p>\n    <p class=\"form-row form-group form-row-wide\">\n        <label for=\"shop-site\">Avez-vous un site web ? <span\n                    class=\"required\">*<\/span><\/label>\n    <div class=\"checkboxContainer\">\n        <div class=\"checkboxInput\">\n            <input type=\"radio\" class=\"form-control checkboxInput\" name=\"avez-vous-un-site-web\"\n                   id=\"avez-vous-un-site-web\" value=\"Oui\"\/> <label for=\"Canal\"> Oui <\/label>\n        <\/div>\n        <div class=\"checkboxInput\">\n            <input type=\"radio\" class=\"form-control checkboxInput\" name=\"avez-vous-un-site-web\"\n                   id=\"avez-vous-un-site-web\" value=\"Non\"\/> <label for=\"Canal\"> Non <\/label>\n        <\/div>\n    <\/div>\n    <\/p>\n\n    <p class=\"form-row form-group form-row-wide\">\n        <label for=\"shop-canal\">Types de produits vendus<span\n                    class=\"required\">*<\/span><\/label>\n    <div class=\"checkboxContainer\">\n        <div class=\"checkboxInput\">\n            <input type=\"checkbox\" class=\"form-control checkboxInput\" name=\"type-de-produits-vendus[ ]\"\n                   id=\"type-de-produits-vendus\" value=\"Smartphones\"\/> <label for=\"Canal\"> Smartphones <\/label>\n        <\/div>\n        <div class=\"checkboxInput\">\n            <input type=\"checkbox\" class=\"form-control checkboxInput\" name=\"type-de-produits-vendus[ ]\"\n                   id=\"type-de-produits-vendus\" value=\"Tablettes\"\/> <label for=\"Canal\"> Tablettes <\/label>\n        <\/div>\n        <div class=\"checkboxInput\">\n            <input type=\"checkbox\" class=\"form-control checkboxInput\" name=\"type-de-produits-vendus[ ]\"\n                   id=\"type-de-produits-vendus\" value=\"Ordinateurs\"\/> <label for=\"Canal\"> Ordinateurs <\/label>\n        <\/div>\n        <div class=\"checkboxInput\">\n            <input type=\"checkbox\" class=\"form-control checkboxInput\" name=\"type-de-produits-vendus[ ]\"\n                   id=\"type-de-produits-vendus\" value=\"Audios\"\/> <label for=\"Canal\"> Audios <\/label>\n        <\/div>\n        <div class=\"checkboxInput\">\n            <input type=\"checkbox\" class=\"form-control checkboxInput\" name=\"type-de-produits-vendus[ ]\"\n                   id=\"type-de-produits-vendus\" value=\"Consoles\"\/> <label for=\"Canal\"> Consoles <\/label>\n        <\/div>\n        <div class=\"checkboxInput\">\n            <input type=\"checkbox\" class=\"form-control checkboxInput\" name=\"type-de-produits-vendus[ ]\"\n                   id=\"type-de-produits-vendus\" value=\"TV\"\/> <label for=\"Canal\"> TV <\/label>\n        <\/div>\n    <\/div>\n    <\/p>\n    <p class=\"form-row form-group form-row-wide\">\n        <label for=\"shop-canal\">Quelles marques vendez-vous?<span\n                    class=\"required\">*<\/span><\/label>\n    <div class=\"checkboxContainer\">\n        <div class=\"checkboxInput\">\n            <input type=\"checkbox\" class=\"form-control checkboxInput\" name=\"marques[ ]\" id=\"marques\" value=\"Apple\"\/>\n            <label for=\"Appel\"> Apple <\/label>\n        <\/div>\n        <div class=\"checkboxInput\">\n            <input type=\"checkbox\" class=\"form-control checkboxInput\" name=\"marques[ ]\" id=\"marques\" value=\"Samsung\"\/>\n            <label for=\"Samsung\"> Samsung<\/label>\n        <\/div>\n        <div class=\"checkboxInput\">\n            <input type=\"checkbox\" class=\"form-control checkboxInput\" name=\"marques[ ]\" id=\"marques\" value=\"Xiaomi\"\/>\n            <label for=\"Xiaomi\"> Xiaomi <\/label>\n        <\/div>\n        <div class=\"checkboxInput\">\n            <input type=\"checkbox\" class=\"form-control checkboxInput\" name=\"marques[ ]\" id=\"marques\" value=\"Tecno\"\/>\n            <label for=\"Tecno\"> Tecno <\/label>\n        <\/div>\n        <div class=\"checkboxInput\">\n            <input type=\"checkbox\" class=\"form-control checkboxInput\" name=\"marques[ ]\" id=\"autresMarques\"\n                   value=\"Autres marques\"\/> <label for=\"Autres marques\"> Autres marques <\/label>\n        <\/div>\n    <\/div>\n    <\/p>\n\n    <p class=\"form-row form-group form-row-wide\" id=\"autresMarquesField\">\n        <label for=\"shop-employees\">Autres marques vendues<\/label>\n        <input type=\"text\" class=\"input-text form-control\" name=\"autres-marques\" id=\"autres-marques\"\n               value=\"\" placeholder=\"Listez les autres marques vendues\"\/>\n    <\/p>\n\n\n    <p class=\"form-row form-group form-row-wide\">\n        <label for=\"shop-canal\">Stocks de produits pr\u00e9vu sur Reebirth<span\n                    class=\"required\">*<\/span><\/label>\n    <div class=\"checkboxContainer\">\n        <div class=\"checkboxInput\">\n            <select style=\"font-size:15px;\" name=\"stock-de-produits-prevus-sur-reebirth\" id=\"stock\">\n                <option value=\"\">Selectionnez une quantit\u00e9 en stock<\/option>\n                <option value=\"1-9\">1-2<\/option>\n                <option value=\"10-49\"> 10-49<\/option>\n                <option value=\"50-99\"> 50-99<\/option>\n                <option value=\"100-299\"> 100-299<\/option>\n                <option value=\"300-499\"> 300-499<\/option>\n                <option value=\"500+\"> 500+<\/option>\n            <\/select>\n        <\/div>\n    <\/div>\n    <\/p>\n    <p class=\"form-row form-group form-row-wide\">\n        <label for=\"shop-canal\">Nombre de r\u00e9f\u00e9rences unique pr\u00e9vus<span\n                    class=\"required\">*<\/span><\/label>\n    <div class=\"checkboxContainer\">\n        <div class=\"checkboxInput\">\n            <select style=\"font-size:15px;\" name=\"nombre-de-references-uniques-prevues\" id=\"stock\">\n                <option value=\"\">Selectionnez une quantit\u00e9 en stock<\/option>\n                <option value=\"1-9\">1-2<\/option>\n                <option value=\"10-49\"> 10-49<\/option>\n                <option value=\"50-99\"> 50-99<\/option>\n                <option value=\"100-299\"> 100-299<\/option>\n                <option value=\"300-499\"> 300-499<\/option>\n                <option value=\"500+\"> 500+<\/option>\n            <\/select>\n        <\/div>\n    <\/div>\n    <\/p>\n    <p class=\"form-row form-group form-row-wide\">\n        <label for=\"shop-canal\">Votre d\u00e9lais moyen d&#039;approvisionnement            <span class=\"required\">*<\/span><\/label>\n    <div class=\"checkboxContainer\">\n        <div class=\"checkboxInput\">\n            <select style=\"font-size:15px;\" name=\"delai-moyen-d-approvisionnement\" id=\"delai-moyen\">\n                <option value=\"\">Selectionnez votre delai moyen d'approvisionnement<\/option>\n                <option value=\"1\">1 semaine<\/option>\n                <option value=\"1-2\"> 1-2 semaines<\/option>\n                <option value=\"2+\"> 2+ semaines<\/option>\n            <\/select>\n        <\/div>\n    <\/div>\n    <\/p>\n\n    <p class=\"form-row form-group form-row-wide\">\n        <label for=\"shop-canal\">Comment voudriez-vous publier vos annonces            <span class=\"required\">*<\/span><\/label>\n    <div class=\"checkboxContainer\">\n        <div class=\"checkboxInput\">\n            <input type=\"checkbox\" class=\"form-control checkboxInput\" name=\"mode-publication-d-annonces[ ]\"\n                   id=\"mode-publication-d-annonces\" value=\"Manuel\"\/> <label for=\"Canal\"> Manuel <\/label>\n        <\/div>\n        <div class=\"checkboxInput\">\n            <input type=\"checkbox\" class=\"form-control checkboxInput\" name=\"mode-publication-d-annonces[ ]\"\n                   id=\"mode-publication-d-annonces\" value=\"Import Excel\"\/> <label for=\"Canal\"> Import Excel <\/label>\n        <\/div>\n        <div class=\"checkboxInput\">\n            <input type=\"checkbox\" class=\"form-control checkboxInput\" name=\"mode-publication-d-annonces[ ]\"\n                   id=\"mode-publication-d-annonces\" value=\"Api\"\/> <label for=\"Canal\"> Api <\/label>\n        <\/div>\n        <div class=\"checkboxInput\">\n            <input type=\"checkbox\" class=\"form-control checkboxInput\" name=\"mode-publication-d-annonces[ ]\"\n                   id=\"mode-publication-d-annonces\" value=\"Autre\"\/> <label for=\"Canal\"> Autre <\/label>\n        <\/div>\n    <\/div>\n    <\/p>\n    <p class=\"form-row form-group form-row-wide\">\n        <label for=\"shop-canal\">Comment testez vous vos produits<span\n                    class=\"required\">*<\/span><\/label>\n    <div class=\"checkboxContainer\">\n        <div class=\"checkboxInput\">\n            <select style=\"font-size:15px;\" class=\"form-control checkboxInput\" name=\"test-produit\" id=\"test-produits\">\n                <option value=\"Manuellement\"> Manuellement<\/option>\n                <option value=\"Logiciel\"> Logiciel<\/option>\n            <\/select>\n        <\/div>\n    <\/div>\n    <\/p>\n\n    <p class=\"form-row form-group form-row-wide\">\n        <label for=\"shop-canal\">Proposez vous une garantie pour vos produits ?            <span class=\"required\">*<\/span><\/label>\n    <div class=\"checkboxContainer\">\n        <div class=\"checkboxInput\">\n            <input type=\"radio\" class=\"form-control checkboxInput\" name=\"garantie-des-produits\"\n                   id=\"garantie-des-produits\" value=\"Oui\"\/> <label for=\"Canal\"> Oui <\/label>\n        <\/div>\n        <div class=\"checkboxInput\">\n            <input type=\"radio\" class=\"form-control checkboxInput\" name=\"garantie-des-produits\"\n                   id=\"garantie-des-produits\" value=\"Non\"\/> <label for=\"Canal\"> Non <\/label>\n        <\/div>\n    <\/div>\n    <\/p>\n\n    <p class=\"form-row form-group form-row-wide\">\n        <label for=\"shop-canal\">Comment voulez-vous livrer vos produits            <span class=\"required\">*<\/span><\/label>\n    <div class=\"checkboxContainer\">\n        <div class=\"checkboxInput\">\n            <input type=\"checkbox\" class=\"form-control checkboxInput\" name=\"mode-livraison-des-produits[ ]\"\n                   id=\"mode-livraison-des-produits\" value=\"Transporteur propre\"\/> <label for=\"Canal\"> Transporteur\n                propre <\/label>\n        <\/div>\n        <div class=\"checkboxInput\">\n            <input type=\"checkbox\" class=\"form-control checkboxInput\" name=\"mode-livraison-des-produits[ ]\"\n                   id=\"mode-livraison-des-produits\" value=\"Reebirth\"\/> <label for=\"Canal\"> Reebirth <\/label>\n        <\/div>\n    <\/div>\n    <\/p>\n\n    <p class=\"form-row form-group form-row-wide\">\n        <label for=\"shop-canal\">Seriez vous int\u00e9ress\u00e9 par notre service de reprise de produit ?            <span class=\"required\">*<\/span><\/label>\n    <div class=\"checkboxContainer\">\n        <div class=\"checkboxInput\">\n            <input type=\"radio\" class=\"form-control checkboxInput\" name=\"service-de-reprise-de-produits\"\n                   id=\"service-de-reprise-de-produits\" value=\"Oui\"\/> <label for=\"Canal\"> Oui <\/label>\n        <\/div>\n        <div class=\"checkboxInput\">\n            <input type=\"radio\" class=\"form-control checkboxInput\" name=\"service-de-reprise-de-produits\"\n                   id=\"service-de-reprise-de-produits\" value=\"Non\"\/> <label for=\"Canal\"> Non <\/label>\n        <\/div>\n    <\/div>\n    <\/p>\n    <!-- \/ fin code personnalis\u00e9 KEKY -->\n\n    <p class=\"form-row form-group form-row-wide\">\n        <label for=\"shop-phone\">Phone Number<span\n                    class=\"required\">*<\/span><\/label>\n        <input type=\"text\" class=\"input-text form-control\" name=\"phone\" id=\"shop-phone\"\n               value=\"\" required=\"required\"\/>\n    <\/p>\n\n    <\/div>\n\n\n<p class=\"form-row form-group user-role vendor-customer-registration\">\n\n    <label class=\"radio\">\n        <input type=\"radio\" name=\"role\" value=\"customer\" checked='checked'>\n        I am a customer    <\/label>\n    <br\/>\n    <label class=\"radio\">\n        <input type=\"radio\" name=\"role\" value=\"seller\">\n        I am a vendor    <\/label>\n    \n<\/p>\n\n\t<p class=\"woocommerce-form-row form-row\">\n\t\t<input type=\"hidden\" id=\"woocommerce-register-nonce\" name=\"woocommerce-register-nonce\" value=\"b3c25311c2\" \/><input type=\"hidden\" name=\"_wp_http_referer\" value=\"\/en\/wp-json\/wp\/v2\/pages\/52\" \/>\t\t<button type=\"submit\" class=\"woocommerce-Button woocommerce-button button woocommerce-form-register__submit  wp-element-button\" name=\"register\" value=\"Register\">Register<\/button>\n\t<\/p>\n\n\t\n<\/form><\/div>\t\t<\/div>\n\t\t\t\t<\/div>\n\t\t\t\t\t<\/div>\n\t\t<\/div>\n\t\t\t\t\t\t\t<\/div>\n\t\t<\/section>\n\t\t\t\t<section class=\"elementor-section elementor-top-section elementor-element elementor-element-0e5e8c8 elementor-section-boxed elementor-section-height-default elementor-section-height-default\" data-id=\"0e5e8c8\" data-element_type=\"section\">\n\t\t\t\t\t\t<div class=\"elementor-container elementor-column-gap-default\">\n\t\t\t\t\t<div class=\"elementor-column elementor-col-100 elementor-top-column elementor-element elementor-element-b7e41ad\" data-id=\"b7e41ad\" data-element_type=\"column\">\n\t\t\t<div class=\"elementor-widget-wrap elementor-element-populated\">\n\t\t\t\t\t\t\t\t<div class=\"elementor-element elementor-element-bef8789 elementor-widget elementor-widget-html\" data-id=\"bef8789\" data-element_type=\"widget\" data-widget_type=\"html.default\">\n\t\t\t\t<div class=\"elementor-widget-container\">\n\t\t\t<script>\n    (function ($){\n        \n        $(\"#dokan-company-name\").prop('required',true);\n\n        $(\"#dokan-company-id-number\").prop('required',true);\n        \n        \n        \n        \/* Affichage conditonnel du champ autres marques*\/\n        $(\"#autresMarquesField\").hide();\n       \n\n        \/\/show it when the checkbox is clicked\n        $('#autresMarques').on('click', function () {\n            if ($(this).prop('checked')) {\n                $('#autresMarquesField').fadeIn();\n            } else {\n                $('#autresMarquesField').hide();\n            }\n        });\n        \n    })(jQuery);\n<\/script>\t\t<\/div>\n\t\t\t\t<\/div>\n\t\t\t\t\t<\/div>\n\t\t<\/div>\n\t\t\t\t\t\t\t<\/div>\n\t\t<\/section>\n\t\t\t\t\t\t\t<\/div>\n\t\t\t<\/div>\n\n\t\n<\/div>\n\n<\/div>\n","protected":false},"excerpt":{"rendered":"","protected":false},"author":1,"featured_media":0,"parent":0,"menu_order":0,"comment_status":"closed","ping_status":"closed","template":"","meta":{"footnotes":""},"class_list":["post-52","page","type-page","status-publish","hentry"],"_links":{"self":[{"href":"https:\/\/reebirth.keky.eu\/en\/wp-json\/wp\/v2\/pages\/52","targetHints":{"allow":["GET"]}}],"collection":[{"href":"https:\/\/reebirth.keky.eu\/en\/wp-json\/wp\/v2\/pages"}],"about":[{"href":"https:\/\/reebirth.keky.eu\/en\/wp-json\/wp\/v2\/types\/page"}],"author":[{"embeddable":true,"href":"https:\/\/reebirth.keky.eu\/en\/wp-json\/wp\/v2\/users\/1"}],"replies":[{"embeddable":true,"href":"https:\/\/reebirth.keky.eu\/en\/wp-json\/wp\/v2\/comments?post=52"}],"version-history":[{"count":0,"href":"https:\/\/reebirth.keky.eu\/en\/wp-json\/wp\/v2\/pages\/52\/revisions"}],"wp:attachment":[{"href":"https:\/\/reebirth.keky.eu\/en\/wp-json\/wp\/v2\/media?parent=52"}],"curies":[{"name":"wp","href":"https:\/\/api.w.org\/{rel}","templated":true}]}}